{"id":1043,"date":"2024-01-07T19:30:22","date_gmt":"2024-01-07T18:30:22","guid":{"rendered":"https:\/\/vikovelero.es\/?page_id=1043"},"modified":"2024-01-07T19:30:22","modified_gmt":"2024-01-07T18:30:22","slug":"stratos-43","status":"publish","type":"page","link":"https:\/\/vikovelero.es\/index.php\/flota\/stratos-43\/","title":{"rendered":"STRATOS 43"},"content":{"rendered":"\t\t<div data-elementor-type=\"wp-page\" data-elementor-id=\"1043\" class=\"elementor elementor-1043\">\n\t\t\t\t\t\t<section class=\"elementor-section elementor-top-section elementor-element elementor-element-20d8afca elementor-section-boxed elementor-section-height-default elementor-section-height-default\" data-id=\"20d8afca\" data-element_type=\"section\" data-e-type=\"section\" data-settings=\"{&quot;background_background&quot;:&quot;classic&quot;}\">\n\t\t\t\t\t\t<div class=\"elementor-container elementor-column-gap-default\">\n\t\t\t\t\t<div class=\"elementor-column elementor-col-100 elementor-top-column elementor-element elementor-element-3fcaf53f\" data-id=\"3fcaf53f\" data-element_type=\"column\" data-e-type=\"column\">\n\t\t\t<div class=\"elementor-widget-wrap elementor-element-populated\">\n\t\t\t\t\t\t<div class=\"elementor-element elementor-element-b634120 elementor-invisible elementor-widget elementor-widget-heading\" data-id=\"b634120\" data-element_type=\"widget\" data-e-type=\"widget\" data-settings=\"{&quot;_animation&quot;:&quot;fadeInUp&quot;}\" data-widget_type=\"heading.default\">\n\t\t\t\t<div class=\"elementor-widget-container\">\n\t\t\t\t\t<h2 class=\"elementor-heading-title elementor-size-default\">STRATOS 43<\/h2>\t\t\t\t<\/div>\n\t\t\t\t<\/div>\n\t\t\t\t<div class=\"elementor-element elementor-element-1e09d4ad elementor-widget-divider--view-line elementor-widget elementor-widget-divider\" data-id=\"1e09d4ad\" data-element_type=\"widget\" data-e-type=\"widget\" data-widget_type=\"divider.default\">\n\t\t\t\t<div class=\"elementor-widget-container\">\n\t\t\t\t\t\t\t<div class=\"elementor-divider\">\n\t\t\t<span class=\"elementor-divider-separator\">\n\t\t\t\t\t\t<\/span>\n\t\t<\/div>\n\t\t\t\t\t\t<\/div>\n\t\t\t\t<\/div>\n\t\t\t\t<section class=\"elementor-section elementor-inner-section elementor-element elementor-element-26b8cbbd elementor-section-boxed elementor-section-height-default elementor-section-height-default\" data-id=\"26b8cbbd\" data-element_type=\"section\" data-e-type=\"section\">\n\t\t\t\t\t\t<div class=\"elementor-container elementor-column-gap-default\">\n\t\t\t\t\t<div class=\"elementor-column elementor-col-50 elementor-inner-column elementor-element elementor-element-167ab3fd\" data-id=\"167ab3fd\" data-element_type=\"column\" data-e-type=\"column\">\n\t\t\t<div class=\"elementor-widget-wrap elementor-element-populated\">\n\t\t\t\t\t\t<div class=\"elementor-element elementor-element-4fc2769f elementor-widget elementor-widget-text-editor\" data-id=\"4fc2769f\" data-element_type=\"widget\" data-e-type=\"widget\" data-widget_type=\"text-editor.default\">\n\t\t\t\t<div class=\"elementor-widget-container\">\n\t\t\t\t\t\t\t\t\t<p><strong>ACERCA DE<\/strong><\/p><p>A medida que damos la bienvenida al A\u00f1o Nuevo, VIKO YACHTS se complace en presentar la \u00faltima joya de nuestra flota: el STRATOS 43. Una obra maestra colaborativa con el renombrado Cosutti Yacht Design, liderado por el arquitecto Maurizio Cosutti, la l\u00ednea STRATOS anuncia una nueva era de innovaci\u00f3n para nuestra marca.<\/p><p>Representando la c\u00faspide de los yates de vela de clase oce\u00e1nica, el STRATOS 43 fusiona perfectamente la dedicaci\u00f3n de VIKO YACHTS a la innovaci\u00f3n con la experiencia y el gusto inigualables de Cosutti. Dise\u00f1ado y elaborado meticulosamente, este velero abre un nuevo cap\u00edtulo para nuestra marca y promete emoci\u00f3n y un rendimiento sin igual.<\/p><p>El STRATOS 43 no es solo una embarcaci\u00f3n; es una declaraci\u00f3n de excelencia. A\u00f1os de cuidadoso dise\u00f1o y desarrollo han culminado en un yate que supera las expectativas del mercado, ofreciendo una fusi\u00f3n excepcional de asequibilidad, dise\u00f1o impresionante y calidad incomparable. Mientras nos aventuramos en aguas inexploradas, el STRATOS 43 emerge como un contendiente formidable entre las principales marcas de yates de vela.<\/p><p><span style=\"color: var( --e-global-color-81e8884 ); letter-spacing: 0px;\">No pierda la oportunidad de ser uno de los primeros en experimentar el STRATOS 43. VIKO YACHTS espera darle la bienvenida a bordo y convertir sus sue\u00f1os de navegaci\u00f3n en realidad. La aventura aguarda, y el STRATOS 43 es su embarcaci\u00f3n hacia experiencias extraordinarias en los mares abiertos.<\/span><\/p>\t\t\t\t\t\t\t\t<\/div>\n\t\t\t\t<\/div>\n\t\t\t\t\t<\/div>\n\t\t<\/div>\n\t\t\t\t<div class=\"elementor-column elementor-col-50 elementor-inner-column elementor-element elementor-element-6d8c480e\" data-id=\"6d8c480e\" data-element_type=\"column\" data-e-type=\"column\">\n\t\t\t<div class=\"elementor-widget-wrap elementor-element-populated\">\n\t\t\t\t\t\t<div class=\"elementor-element elementor-element-12ec8a87 elementor-widget elementor-widget-text-editor\" data-id=\"12ec8a87\" data-element_type=\"widget\" data-e-type=\"widget\" data-widget_type=\"text-editor.default\">\n\t\t\t\t<div class=\"elementor-widget-container\">\n\t\t\t\t\t\t\t\t\t<p><strong>ESPECIFICACI\u00d3N<\/strong><\/p>\t\t\t\t\t\t\t\t<\/div>\n\t\t\t\t<\/div>\n\t\t\t\t<div class=\"elementor-element elementor-element-2541e10 elementor-widget elementor-widget-shortcode\" data-id=\"2541e10\" data-element_type=\"widget\" data-e-type=\"widget\" data-widget_type=\"shortcode.default\">\n\t\t\t\t<div class=\"elementor-widget-container\">\n\t\t\t\t\t\t\t<div class=\"elementor-shortcode\">\n<table id=\"tablepress-5\" class=\"tablepress tablepress-id-5\">\n<tbody class=\"row-striping\">\n<tr class=\"row-1\">\n\t<td class=\"column-1\">Eslora total<\/td><td class=\"column-2\">11,99 m<\/td>\n<\/tr>\n<tr class=\"row-2\">\n\t<td class=\"column-1\">Eslora total con baupr\u00e9s<\/td><td class=\"column-2\">12,60 m<br \/>\n<\/td>\n<\/tr>\n<tr class=\"row-3\">\n\t<td class=\"column-1\">Manga<\/td><td class=\"column-2\">4,15 m<\/td>\n<\/tr>\n<tr class=\"row-4\">\n\t<td class=\"column-1\">Peso total<\/td><td class=\"column-2\">Desde 8300 kg<\/td>\n<\/tr>\n<tr class=\"row-5\">\n\t<td class=\"column-1\">Quilla \/ Tipo y Sistema<\/td><td class=\"column-2\">Quilla de aleta fija con bulbo<\/td>\n<\/tr>\n<tr class=\"row-6\">\n\t<td class=\"column-1\">Calado m\u00e1ximo<\/td><td class=\"column-2\">2,20-1,70 m<\/td>\n<\/tr>\n<tr class=\"row-7\">\n\t<td class=\"column-1\">Tipo de motor<\/td><td class=\"column-2\">Diesel Inboard<\/td>\n<\/tr>\n<tr class=\"row-8\">\n\t<td class=\"column-1\">Vela mayor<\/td><td class=\"column-2\">max. 45,60 m2<\/td>\n<\/tr>\n<tr class=\"row-9\">\n\t<td class=\"column-1\">Altura m\u00e1stil<\/td><td class=\"column-2\">16,25 m<\/td>\n<\/tr>\n<tr class=\"row-10\">\n\t<td class=\"column-1\">Categoria CE<\/td><td class=\"column-2\">A<\/td>\n<\/tr>\n<\/tbody>\n<\/table>\n<!-- #tablepress-5 from cache --><\/div>\n\t\t\t\t\t\t<\/div>\n\t\t\t\t<\/div>\n\t\t\t\t<div class=\"elementor-element elementor-element-158eb9e1 elementor-widget elementor-widget-text-editor\" data-id=\"158eb9e1\" data-element_type=\"widget\" data-e-type=\"widget\" data-widget_type=\"text-editor.default\">\n\t\t\t\t<div class=\"elementor-widget-container\">\n\t\t\t\t\t\t\t\t\t<p>La informaci\u00f3n contenida en este sitio web no es legalmente vinculante y no constituye una oferta, incluso en el sentido del art\u00edculo 66 \u00a7 1 del C\u00f3digo Civil.<\/p>\t\t\t\t\t\t\t\t<\/div>\n\t\t\t\t<\/div>\n\t\t\t\t\t<\/div>\n\t\t<\/div>\n\t\t\t\t\t<\/div>\n\t\t<\/section>\n\t\t\t\t<div class=\"elementor-element elementor-element-5a3f408a elementor-widget elementor-widget-spacer\" data-id=\"5a3f408a\" data-element_type=\"widget\" data-e-type=\"widget\" data-widget_type=\"spacer.default\">\n\t\t\t\t<div class=\"elementor-widget-container\">\n\t\t\t\t\t\t\t<div class=\"elementor-spacer\">\n\t\t\t<div class=\"elementor-spacer-inner\"><\/div>\n\t\t<\/div>\n\t\t\t\t\t\t<\/div>\n\t\t\t\t<\/div>\n\t\t\t\t<div class=\"elementor-element elementor-element-6235b8d7 elementor-invisible elementor-widget elementor-widget-heading\" data-id=\"6235b8d7\" data-element_type=\"widget\" data-e-type=\"widget\" data-settings=\"{&quot;_animation&quot;:&quot;fadeInUp&quot;}\" data-widget_type=\"heading.default\">\n\t\t\t\t<div class=\"elementor-widget-container\">\n\t\t\t\t\t<h2 class=\"elementor-heading-title elementor-size-default\">Galeria<\/h2>\t\t\t\t<\/div>\n\t\t\t\t<\/div>\n\t\t\t\t<div class=\"elementor-element elementor-element-2f085a61 elementor-widget-divider--view-line elementor-widget elementor-widget-divider\" data-id=\"2f085a61\" data-element_type=\"widget\" data-e-type=\"widget\" data-widget_type=\"divider.default\">\n\t\t\t\t<div class=\"elementor-widget-container\">\n\t\t\t\t\t\t\t<div class=\"elementor-divider\">\n\t\t\t<span class=\"elementor-divider-separator\">\n\t\t\t\t\t\t<\/span>\n\t\t<\/div>\n\t\t\t\t\t\t<\/div>\n\t\t\t\t<\/div>\n\t\t\t\t<div class=\"elementor-element elementor-element-3eaf45f elementor-invisible elementor-widget elementor-widget-image-gallery\" data-id=\"3eaf45f\" data-element_type=\"widget\" data-e-type=\"widget\" data-settings=\"{&quot;_animation&quot;:&quot;fadeInUp&quot;}\" data-widget_type=\"image-gallery.default\">\n\t\t\t\t<div class=\"elementor-widget-container\">\n\t\t\t\t\t\t\t<div class=\"elementor-image-gallery\">\n\t\t\t<div id='gallery-1' class='gallery galleryid-1043 gallery-columns-3 gallery-size-medium_large'><figure class='gallery-item'>\n\t\t\t<div class='gallery-icon landscape'>\n\t\t\t\t<a data-elementor-open-lightbox=\"yes\" data-elementor-lightbox-slideshow=\"3eaf45f\" data-elementor-lightbox-title=\"zrzut_ekranu_2024-01-3_o_16.54.01\" data-e-action-hash=\"#elementor-action%3Aaction%3Dlightbox%26settings%3DeyJpZCI6MTAzNCwidXJsIjoiaHR0cHM6XC9cL3Zpa292ZWxlcm8uZXNcL3dwLWNvbnRlbnRcL3VwbG9hZHNcLzIwMjRcLzAxXC96cnp1dF9la3JhbnVfMjAyNC0wMS0zX29fMTYuNTQuMDEucG5nIiwic2xpZGVzaG93IjoiM2VhZjQ1ZiJ9\" href='https:\/\/vikovelero.es\/wp-content\/uploads\/2024\/01\/zrzut_ekranu_2024-01-3_o_16.54.01.png'><img fetchpriority=\"high\" decoding=\"async\" width=\"720\" height=\"406\" src=\"https:\/\/vikovelero.es\/wp-content\/uploads\/2024\/01\/zrzut_ekranu_2024-01-3_o_16.54.01.png\" class=\"attachment-medium_large size-medium_large\" alt=\"\" srcset=\"https:\/\/vikovelero.es\/wp-content\/uploads\/2024\/01\/zrzut_ekranu_2024-01-3_o_16.54.01.png 720w, https:\/\/vikovelero.es\/wp-content\/uploads\/2024\/01\/zrzut_ekranu_2024-01-3_o_16.54.01-300x169.png 300w, https:\/\/vikovelero.es\/wp-content\/uploads\/2024\/01\/zrzut_ekranu_2024-01-3_o_16.54.01-600x338.png 600w\" sizes=\"100vw\" \/><\/a>\n\t\t\t<\/div><\/figure><figure class='gallery-item'>\n\t\t\t<div class='gallery-icon landscape'>\n\t\t\t\t<a data-elementor-open-lightbox=\"yes\" data-elementor-lightbox-slideshow=\"3eaf45f\" data-elementor-lightbox-title=\"zrzut_ekranu_2024-01-3_o_16.53.45\" data-e-action-hash=\"#elementor-action%3Aaction%3Dlightbox%26settings%3DeyJpZCI6MTAzMywidXJsIjoiaHR0cHM6XC9cL3Zpa292ZWxlcm8uZXNcL3dwLWNvbnRlbnRcL3VwbG9hZHNcLzIwMjRcLzAxXC96cnp1dF9la3JhbnVfMjAyNC0wMS0zX29fMTYuNTMuNDUucG5nIiwic2xpZGVzaG93IjoiM2VhZjQ1ZiJ9\" href='https:\/\/vikovelero.es\/wp-content\/uploads\/2024\/01\/zrzut_ekranu_2024-01-3_o_16.53.45.png'><img decoding=\"async\" width=\"720\" height=\"404\" src=\"https:\/\/vikovelero.es\/wp-content\/uploads\/2024\/01\/zrzut_ekranu_2024-01-3_o_16.53.45.png\" class=\"attachment-medium_large size-medium_large\" alt=\"\" srcset=\"https:\/\/vikovelero.es\/wp-content\/uploads\/2024\/01\/zrzut_ekranu_2024-01-3_o_16.53.45.png 720w, https:\/\/vikovelero.es\/wp-content\/uploads\/2024\/01\/zrzut_ekranu_2024-01-3_o_16.53.45-300x168.png 300w, https:\/\/vikovelero.es\/wp-content\/uploads\/2024\/01\/zrzut_ekranu_2024-01-3_o_16.53.45-600x337.png 600w\" sizes=\"100vw\" \/><\/a>\n\t\t\t<\/div><\/figure><figure class='gallery-item'>\n\t\t\t<div class='gallery-icon landscape'>\n\t\t\t\t<a data-elementor-open-lightbox=\"yes\" data-elementor-lightbox-slideshow=\"3eaf45f\" data-elementor-lightbox-title=\"zrzut_ekranu_2024-01-3_o_16.53.32\" data-e-action-hash=\"#elementor-action%3Aaction%3Dlightbox%26settings%3DeyJpZCI6MTAzMiwidXJsIjoiaHR0cHM6XC9cL3Zpa292ZWxlcm8uZXNcL3dwLWNvbnRlbnRcL3VwbG9hZHNcLzIwMjRcLzAxXC96cnp1dF9la3JhbnVfMjAyNC0wMS0zX29fMTYuNTMuMzIucG5nIiwic2xpZGVzaG93IjoiM2VhZjQ1ZiJ9\" href='https:\/\/vikovelero.es\/wp-content\/uploads\/2024\/01\/zrzut_ekranu_2024-01-3_o_16.53.32.png'><img decoding=\"async\" width=\"720\" height=\"403\" src=\"https:\/\/vikovelero.es\/wp-content\/uploads\/2024\/01\/zrzut_ekranu_2024-01-3_o_16.53.32.png\" class=\"attachment-medium_large size-medium_large\" alt=\"\" srcset=\"https:\/\/vikovelero.es\/wp-content\/uploads\/2024\/01\/zrzut_ekranu_2024-01-3_o_16.53.32.png 720w, https:\/\/vikovelero.es\/wp-content\/uploads\/2024\/01\/zrzut_ekranu_2024-01-3_o_16.53.32-300x168.png 300w, https:\/\/vikovelero.es\/wp-content\/uploads\/2024\/01\/zrzut_ekranu_2024-01-3_o_16.53.32-600x336.png 600w\" sizes=\"100vw\" \/><\/a>\n\t\t\t<\/div><\/figure><figure class='gallery-item'>\n\t\t\t<div class='gallery-icon landscape'>\n\t\t\t\t<a data-elementor-open-lightbox=\"yes\" data-elementor-lightbox-slideshow=\"3eaf45f\" data-elementor-lightbox-title=\"zrzut_ekranu_2024-01-3_o_16.53.24\" data-e-action-hash=\"#elementor-action%3Aaction%3Dlightbox%26settings%3DeyJpZCI6MTAzMSwidXJsIjoiaHR0cHM6XC9cL3Zpa292ZWxlcm8uZXNcL3dwLWNvbnRlbnRcL3VwbG9hZHNcLzIwMjRcLzAxXC96cnp1dF9la3JhbnVfMjAyNC0wMS0zX29fMTYuNTMuMjQucG5nIiwic2xpZGVzaG93IjoiM2VhZjQ1ZiJ9\" href='https:\/\/vikovelero.es\/wp-content\/uploads\/2024\/01\/zrzut_ekranu_2024-01-3_o_16.53.24.png'><img loading=\"lazy\" decoding=\"async\" width=\"720\" height=\"402\" src=\"https:\/\/vikovelero.es\/wp-content\/uploads\/2024\/01\/zrzut_ekranu_2024-01-3_o_16.53.24.png\" class=\"attachment-medium_large size-medium_large\" alt=\"\" srcset=\"https:\/\/vikovelero.es\/wp-content\/uploads\/2024\/01\/zrzut_ekranu_2024-01-3_o_16.53.24.png 720w, https:\/\/vikovelero.es\/wp-content\/uploads\/2024\/01\/zrzut_ekranu_2024-01-3_o_16.53.24-300x168.png 300w, https:\/\/vikovelero.es\/wp-content\/uploads\/2024\/01\/zrzut_ekranu_2024-01-3_o_16.53.24-600x335.png 600w\" sizes=\"100vw\" \/><\/a>\n\t\t\t<\/div><\/figure><figure class='gallery-item'>\n\t\t\t<div class='gallery-icon landscape'>\n\t\t\t\t<a data-elementor-open-lightbox=\"yes\" data-elementor-lightbox-slideshow=\"3eaf45f\" data-elementor-lightbox-title=\"zrzut_ekranu_2024-01-3_o_16.53.13\" data-e-action-hash=\"#elementor-action%3Aaction%3Dlightbox%26settings%3DeyJpZCI6MTAzMCwidXJsIjoiaHR0cHM6XC9cL3Zpa292ZWxlcm8uZXNcL3dwLWNvbnRlbnRcL3VwbG9hZHNcLzIwMjRcLzAxXC96cnp1dF9la3JhbnVfMjAyNC0wMS0zX29fMTYuNTMuMTMucG5nIiwic2xpZGVzaG93IjoiM2VhZjQ1ZiJ9\" href='https:\/\/vikovelero.es\/wp-content\/uploads\/2024\/01\/zrzut_ekranu_2024-01-3_o_16.53.13.png'><img loading=\"lazy\" decoding=\"async\" width=\"720\" height=\"405\" src=\"https:\/\/vikovelero.es\/wp-content\/uploads\/2024\/01\/zrzut_ekranu_2024-01-3_o_16.53.13.png\" class=\"attachment-medium_large size-medium_large\" alt=\"\" srcset=\"https:\/\/vikovelero.es\/wp-content\/uploads\/2024\/01\/zrzut_ekranu_2024-01-3_o_16.53.13.png 720w, https:\/\/vikovelero.es\/wp-content\/uploads\/2024\/01\/zrzut_ekranu_2024-01-3_o_16.53.13-300x169.png 300w, https:\/\/vikovelero.es\/wp-content\/uploads\/2024\/01\/zrzut_ekranu_2024-01-3_o_16.53.13-600x338.png 600w\" sizes=\"100vw\" \/><\/a>\n\t\t\t<\/div><\/figure><figure class='gallery-item'>\n\t\t\t<div class='gallery-icon landscape'>\n\t\t\t\t<a data-elementor-open-lightbox=\"yes\" data-elementor-lightbox-slideshow=\"3eaf45f\" data-elementor-lightbox-title=\"zrzut_ekranu_2024-01-3_o_16.54.14\" data-e-action-hash=\"#elementor-action%3Aaction%3Dlightbox%26settings%3DeyJpZCI6MTAzNSwidXJsIjoiaHR0cHM6XC9cL3Zpa292ZWxlcm8uZXNcL3dwLWNvbnRlbnRcL3VwbG9hZHNcLzIwMjRcLzAxXC96cnp1dF9la3JhbnVfMjAyNC0wMS0zX29fMTYuNTQuMTQucG5nIiwic2xpZGVzaG93IjoiM2VhZjQ1ZiJ9\" href='https:\/\/vikovelero.es\/wp-content\/uploads\/2024\/01\/zrzut_ekranu_2024-01-3_o_16.54.14.png'><img loading=\"lazy\" decoding=\"async\" width=\"720\" height=\"402\" src=\"https:\/\/vikovelero.es\/wp-content\/uploads\/2024\/01\/zrzut_ekranu_2024-01-3_o_16.54.14.png\" class=\"attachment-medium_large size-medium_large\" alt=\"\" srcset=\"https:\/\/vikovelero.es\/wp-content\/uploads\/2024\/01\/zrzut_ekranu_2024-01-3_o_16.54.14.png 720w, https:\/\/vikovelero.es\/wp-content\/uploads\/2024\/01\/zrzut_ekranu_2024-01-3_o_16.54.14-300x168.png 300w, https:\/\/vikovelero.es\/wp-content\/uploads\/2024\/01\/zrzut_ekranu_2024-01-3_o_16.54.14-600x335.png 600w\" sizes=\"100vw\" \/><\/a>\n\t\t\t<\/div><\/figure>\n\t\t<\/div>\n\t\t<\/div>\n\t\t\t\t\t\t<\/div>\n\t\t\t\t<\/div>\n\t\t\t\t<div class=\"elementor-element elementor-element-580a56a6 elementor-widget elementor-widget-spacer\" data-id=\"580a56a6\" data-element_type=\"widget\" data-e-type=\"widget\" data-widget_type=\"spacer.default\">\n\t\t\t\t<div class=\"elementor-widget-container\">\n\t\t\t\t\t\t\t<div class=\"elementor-spacer\">\n\t\t\t<div class=\"elementor-spacer-inner\"><\/div>\n\t\t<\/div>\n\t\t\t\t\t\t<\/div>\n\t\t\t\t<\/div>\n\t\t\t\t<div class=\"elementor-element elementor-element-b3f22b4 elementor-align-center elementor-widget elementor-widget-button\" data-id=\"b3f22b4\" data-element_type=\"widget\" data-e-type=\"widget\" data-widget_type=\"button.default\">\n\t\t\t\t<div class=\"elementor-widget-container\">\n\t\t\t\t\t\t\t\t\t<div class=\"elementor-button-wrapper\">\n\t\t\t\t\t<a class=\"elementor-button elementor-button-link elementor-size-sm\" href=\"https:\/\/vikovelero.es\/index.php\/flota\/\">\n\t\t\t\t\t\t<span class=\"elementor-button-content-wrapper\">\n\t\t\t\t\t\t<span class=\"elementor-button-icon\">\n\t\t\t\t<i aria-hidden=\"true\" class=\"fas fa-ship\"><\/i>\t\t\t<\/span>\n\t\t\t\t\t\t\t\t\t<span class=\"elementor-button-text\">Volver a la flota<\/span>\n\t\t\t\t\t<\/span>\n\t\t\t\t\t<\/a>\n\t\t\t\t<\/div>\n\t\t\t\t\t\t\t\t<\/div>\n\t\t\t\t<\/div>\n\t\t\t\t<div class=\"elementor-element elementor-element-6c76f5c2 elementor-widget elementor-widget-spacer\" data-id=\"6c76f5c2\" data-element_type=\"widget\" data-e-type=\"widget\" data-widget_type=\"spacer.default\">\n\t\t\t\t<div class=\"elementor-widget-container\">\n\t\t\t\t\t\t\t<div class=\"elementor-spacer\">\n\t\t\t<div class=\"elementor-spacer-inner\"><\/div>\n\t\t<\/div>\n\t\t\t\t\t\t<\/div>\n\t\t\t\t<\/div>\n\t\t\t\t\t<\/div>\n\t\t<\/div>\n\t\t\t\t\t<\/div>\n\t\t<\/section>\n\t\t\t\t<\/div>\n\t\t","protected":false},"excerpt":{"rendered":"<p>STRATOS 43 ACERCA DE A medida que damos la bienvenida al A\u00f1o Nuevo, VIKO YACHTS se complace en presentar la \u00faltima joya de nuestra flota: el STRATOS 43. Una obra maestra colaborativa con el renombrado Cosutti Yacht Design, liderado por el arquitecto Maurizio Cosutti, la l\u00ednea STRATOS anuncia una nueva era de innovaci\u00f3n para nuestra &hellip; <\/p>\n<p class=\"link-more\"><a href=\"https:\/\/vikovelero.es\/index.php\/flota\/stratos-43\/\" class=\"more-link\">Read more<span class=\"screen-reader-text\"> &#8220;STRATOS 43&#8221;<\/span><\/a><\/p>\n","protected":false},"author":1,"featured_media":0,"parent":48,"menu_order":0,"comment_status":"closed","ping_status":"closed","template":"","meta":{"om_disable_all_campaigns":false,"_monsterinsights_skip_tracking":false,"_monsterinsights_sitenote_active":false,"_monsterinsights_sitenote_note":"","_monsterinsights_sitenote_category":0,"_uf_show_specific_survey":0,"_uf_disable_surveys":false,"inspiro_hide_title":false,"footnotes":""},"class_list":["post-1043","page","type-page","status-publish","hentry"],"aioseo_notices":[],"featured_media_urls":[],"_links":{"self":[{"href":"https:\/\/vikovelero.es\/index.php\/wp-json\/wp\/v2\/pages\/1043","targetHints":{"allow":["GET"]}}],"collection":[{"href":"https:\/\/vikovelero.es\/index.php\/wp-json\/wp\/v2\/pages"}],"about":[{"href":"https:\/\/vikovelero.es\/index.php\/wp-json\/wp\/v2\/types\/page"}],"author":[{"embeddable":true,"href":"https:\/\/vikovelero.es\/index.php\/wp-json\/wp\/v2\/users\/1"}],"replies":[{"embeddable":true,"href":"https:\/\/vikovelero.es\/index.php\/wp-json\/wp\/v2\/comments?post=1043"}],"version-history":[{"count":11,"href":"https:\/\/vikovelero.es\/index.php\/wp-json\/wp\/v2\/pages\/1043\/revisions"}],"predecessor-version":[{"id":1056,"href":"https:\/\/vikovelero.es\/index.php\/wp-json\/wp\/v2\/pages\/1043\/revisions\/1056"}],"up":[{"embeddable":true,"href":"https:\/\/vikovelero.es\/index.php\/wp-json\/wp\/v2\/pages\/48"}],"wp:attachment":[{"href":"https:\/\/vikovelero.es\/index.php\/wp-json\/wp\/v2\/media?parent=1043"}],"curies":[{"name":"wp","href":"https:\/\/api.w.org\/{rel}","templated":true}]}}