{"id":39,"date":"2022-12-16T17:53:15","date_gmt":"2022-12-16T17:53:15","guid":{"rendered":"https:\/\/vikovelero.es\/index.php\/our-story\/"},"modified":"2022-12-28T17:38:13","modified_gmt":"2022-12-28T16:38:13","slug":"nuestra-empresa","status":"publish","type":"page","link":"https:\/\/vikovelero.es\/index.php\/nuestra-empresa\/","title":{"rendered":"NUESTRA EMPRESA"},"content":{"rendered":"\t\t<div data-elementor-type=\"wp-page\" data-elementor-id=\"39\" class=\"elementor elementor-39\">\n\t\t\t\t\t\t<section class=\"elementor-section elementor-top-section elementor-element elementor-element-7f032ba5 elementor-section-full_width elementor-section-content-top elementor-section-height-default elementor-section-height-default\" data-id=\"7f032ba5\" data-element_type=\"section\" data-e-type=\"section\" data-settings=\"{&quot;background_background&quot;:&quot;classic&quot;}\">\n\t\t\t\t\t\t<div class=\"elementor-container elementor-column-gap-no\">\n\t\t\t\t\t<div class=\"elementor-column elementor-col-50 elementor-top-column elementor-element elementor-element-7ba4afe2\" data-id=\"7ba4afe2\" data-element_type=\"column\" data-e-type=\"column\" data-settings=\"{&quot;background_background&quot;:&quot;classic&quot;}\">\n\t\t\t<div class=\"elementor-widget-wrap elementor-element-populated\">\n\t\t\t\t\t\t<div class=\"elementor-element elementor-element-3e85d0e2 elementor-widget elementor-widget-image\" data-id=\"3e85d0e2\" data-element_type=\"widget\" data-e-type=\"widget\" data-widget_type=\"image.default\">\n\t\t\t\t<div class=\"elementor-widget-container\">\n\t\t\t\t\t\t\t\t\t\t\t\t\t\t\t<img fetchpriority=\"high\" decoding=\"async\" width=\"2560\" height=\"1707\" src=\"https:\/\/vikovelero.es\/wp-content\/uploads\/2022\/12\/viko.velero-barco-sol-scaled.jpg\" class=\"attachment-full size-full wp-image-118\" alt=\"\" srcset=\"https:\/\/vikovelero.es\/wp-content\/uploads\/2022\/12\/viko.velero-barco-sol-scaled.jpg 2560w, https:\/\/vikovelero.es\/wp-content\/uploads\/2022\/12\/viko.velero-barco-sol-scaled-300x200.jpg 300w, https:\/\/vikovelero.es\/wp-content\/uploads\/2022\/12\/viko.velero-barco-sol-scaled-1024x683.jpg 1024w, https:\/\/vikovelero.es\/wp-content\/uploads\/2022\/12\/viko.velero-barco-sol-scaled-768x512.jpg 768w, https:\/\/vikovelero.es\/wp-content\/uploads\/2022\/12\/viko.velero-barco-sol-scaled-1536x1024.jpg 1536w, https:\/\/vikovelero.es\/wp-content\/uploads\/2022\/12\/viko.velero-barco-sol-scaled-2048x1366.jpg 2048w, https:\/\/vikovelero.es\/wp-content\/uploads\/2022\/12\/viko.velero-barco-sol-scaled-2000x1334.jpg 2000w, https:\/\/vikovelero.es\/wp-content\/uploads\/2022\/12\/viko.velero-barco-sol-scaled-600x400.jpg 600w, https:\/\/vikovelero.es\/wp-content\/uploads\/2022\/12\/viko.velero-barco-sol-scaled-1200x800.jpg 1200w\" sizes=\"100vw\" \/>\t\t\t\t\t\t\t\t\t\t\t\t\t\t\t<\/div>\n\t\t\t\t<\/div>\n\t\t\t\t\t<\/div>\n\t\t<\/div>\n\t\t\t\t<div class=\"elementor-column elementor-col-50 elementor-top-column elementor-element elementor-element-7633b3c1\" data-id=\"7633b3c1\" data-element_type=\"column\" data-e-type=\"column\" data-settings=\"{&quot;background_background&quot;:&quot;classic&quot;}\">\n\t\t\t<div class=\"elementor-widget-wrap elementor-element-populated\">\n\t\t\t\t\t\t<div class=\"elementor-element elementor-element-2a43a2c2 elementor-widget elementor-widget-heading\" data-id=\"2a43a2c2\" data-element_type=\"widget\" data-e-type=\"widget\" data-widget_type=\"heading.default\">\n\t\t\t\t<div class=\"elementor-widget-container\">\n\t\t\t\t\t<h1 class=\"elementor-heading-title elementor-size-medium\">Donde la mano de obra tradicional\ncumple con las soluciones modernas <\/h1>\t\t\t\t<\/div>\n\t\t\t\t<\/div>\n\t\t\t\t<div class=\"elementor-element elementor-element-6e43c629 elementor-invisible elementor-widget elementor-widget-heading\" data-id=\"6e43c629\" data-element_type=\"widget\" data-e-type=\"widget\" data-settings=\"{&quot;_animation&quot;:&quot;fadeInDown&quot;}\" data-widget_type=\"heading.default\">\n\t\t\t\t<div class=\"elementor-widget-container\">\n\t\t\t\t\t<h1 class=\"elementor-heading-title elementor-size-default\">Desde 1987<\/h1>\t\t\t\t<\/div>\n\t\t\t\t<\/div>\n\t\t\t\t<div class=\"elementor-element elementor-element-736b7b95 elementor-widget__width-initial elementor-widget elementor-widget-image\" data-id=\"736b7b95\" data-element_type=\"widget\" data-e-type=\"widget\" data-widget_type=\"image.default\">\n\t\t\t\t<div class=\"elementor-widget-container\">\n\t\t\t\t\t\t\t\t\t\t\t\t\t\t\t<img decoding=\"async\" width=\"950\" height=\"713\" src=\"https:\/\/vikovelero.es\/wp-content\/uploads\/2022\/12\/viko.velero-barco-azil-1-scaled-1024x768.jpg\" class=\"attachment-large size-large wp-image-121\" alt=\"\" srcset=\"https:\/\/vikovelero.es\/wp-content\/uploads\/2022\/12\/viko.velero-barco-azil-1-scaled-1024x768.jpg 1024w, https:\/\/vikovelero.es\/wp-content\/uploads\/2022\/12\/viko.velero-barco-azil-1-scaled-300x225.jpg 300w, https:\/\/vikovelero.es\/wp-content\/uploads\/2022\/12\/viko.velero-barco-azil-1-scaled-768x576.jpg 768w, https:\/\/vikovelero.es\/wp-content\/uploads\/2022\/12\/viko.velero-barco-azil-1-scaled-1536x1152.jpg 1536w, https:\/\/vikovelero.es\/wp-content\/uploads\/2022\/12\/viko.velero-barco-azil-1-scaled-2048x1536.jpg 2048w, https:\/\/vikovelero.es\/wp-content\/uploads\/2022\/12\/viko.velero-barco-azil-1-scaled-2000x1500.jpg 2000w, https:\/\/vikovelero.es\/wp-content\/uploads\/2022\/12\/viko.velero-barco-azil-1-scaled-600x450.jpg 600w, https:\/\/vikovelero.es\/wp-content\/uploads\/2022\/12\/viko.velero-barco-azil-1-scaled-1200x900.jpg 1200w\" sizes=\"100vw\" \/>\t\t\t\t\t\t\t\t\t\t\t\t\t\t\t<\/div>\n\t\t\t\t<\/div>\n\t\t\t\t<div class=\"elementor-element elementor-element-64b4d9a8 elementor-widget__width-initial animated-slow elementor-invisible elementor-widget elementor-widget-image\" data-id=\"64b4d9a8\" data-element_type=\"widget\" data-e-type=\"widget\" data-settings=\"{&quot;_animation&quot;:&quot;fadeInUp&quot;}\" data-widget_type=\"image.default\">\n\t\t\t\t<div class=\"elementor-widget-container\">\n\t\t\t\t\t\t\t\t\t\t\t\t\t\t\t<img decoding=\"async\" width=\"2560\" height=\"1707\" src=\"https:\/\/vikovelero.es\/wp-content\/uploads\/2022\/12\/viko.velero-cuerda-1-scaled.jpg\" class=\"attachment-full size-full wp-image-122\" alt=\"\" srcset=\"https:\/\/vikovelero.es\/wp-content\/uploads\/2022\/12\/viko.velero-cuerda-1-scaled.jpg 2560w, https:\/\/vikovelero.es\/wp-content\/uploads\/2022\/12\/viko.velero-cuerda-1-scaled-300x200.jpg 300w, https:\/\/vikovelero.es\/wp-content\/uploads\/2022\/12\/viko.velero-cuerda-1-scaled-1024x683.jpg 1024w, https:\/\/vikovelero.es\/wp-content\/uploads\/2022\/12\/viko.velero-cuerda-1-scaled-768x512.jpg 768w, https:\/\/vikovelero.es\/wp-content\/uploads\/2022\/12\/viko.velero-cuerda-1-scaled-1536x1024.jpg 1536w, https:\/\/vikovelero.es\/wp-content\/uploads\/2022\/12\/viko.velero-cuerda-1-scaled-2048x1366.jpg 2048w, https:\/\/vikovelero.es\/wp-content\/uploads\/2022\/12\/viko.velero-cuerda-1-scaled-2000x1334.jpg 2000w, https:\/\/vikovelero.es\/wp-content\/uploads\/2022\/12\/viko.velero-cuerda-1-scaled-600x400.jpg 600w, https:\/\/vikovelero.es\/wp-content\/uploads\/2022\/12\/viko.velero-cuerda-1-scaled-1200x800.jpg 1200w\" sizes=\"100vw\" \/>\t\t\t\t\t\t\t\t\t\t\t\t\t\t\t<\/div>\n\t\t\t\t<\/div>\n\t\t\t\t\t<\/div>\n\t\t<\/div>\n\t\t\t\t\t<\/div>\n\t\t<\/section>\n\t\t\t\t<section class=\"elementor-section elementor-top-section elementor-element elementor-element-f460d16 elementor-section-full_width elementor-section-height-default elementor-section-height-default\" data-id=\"f460d16\" data-element_type=\"section\" data-e-type=\"section\">\n\t\t\t\t\t\t<div class=\"elementor-container elementor-column-gap-default\">\n\t\t\t\t\t<div class=\"elementor-column elementor-col-100 elementor-top-column elementor-element elementor-element-c30a6ce\" data-id=\"c30a6ce\" data-element_type=\"column\" data-e-type=\"column\">\n\t\t\t<div class=\"elementor-widget-wrap elementor-element-populated\">\n\t\t\t\t\t\t<div class=\"elementor-element elementor-element-60429991 elementor-widget elementor-widget-heading\" data-id=\"60429991\" data-element_type=\"widget\" data-e-type=\"widget\" data-widget_type=\"heading.default\">\n\t\t\t\t<div class=\"elementor-widget-container\">\n\t\t\t\t\t<h2 class=\"elementor-heading-title elementor-size-large\">Sobre Nosotros<\/h2>\t\t\t\t<\/div>\n\t\t\t\t<\/div>\n\t\t\t\t<div class=\"elementor-element elementor-element-54cc98dd elementor-widget elementor-widget-text-editor\" data-id=\"54cc98dd\" data-element_type=\"widget\" data-e-type=\"widget\" data-widget_type=\"text-editor.default\">\n\t\t\t\t<div class=\"elementor-widget-container\">\n\t\t\t\t\t\t\t\t\t<p><strong>Somos los importadores oficiales de VIKO YATCHS para la Pen\u00ednsula Ib\u00e9rica. <\/strong><br \/><strong>Formamos un equipo humano, apasionado por la n\u00e1utica y dispuestos a ofrecer la mejor oferta a su medida.<\/strong><br \/><strong>Nos encontramos en el Puerto Deportivo de Aguadulce, Almer\u00eda. <\/strong><\/p>\t\t\t\t\t\t\t\t<\/div>\n\t\t\t\t<\/div>\n\t\t\t\t<div class=\"elementor-element elementor-element-2f31b86 elementor-position-top elementor-invisible elementor-widget elementor-widget-image-box\" data-id=\"2f31b86\" data-element_type=\"widget\" data-e-type=\"widget\" data-settings=\"{&quot;_animation&quot;:&quot;fadeIn&quot;}\" data-widget_type=\"image-box.default\">\n\t\t\t\t<div class=\"elementor-widget-container\">\n\t\t\t\t\t<div class=\"elementor-image-box-wrapper\"><figure class=\"elementor-image-box-img\"><a href=\"http:\/\/vikoyachts.com\/index1\/\" target=\"_blank\" tabindex=\"-1\"><img loading=\"lazy\" decoding=\"async\" width=\"950\" height=\"918\" src=\"https:\/\/vikovelero.es\/wp-content\/uploads\/2022\/12\/logo-vicoyachts-akcept-3-1024x990.jpg\" class=\"attachment-large size-large wp-image-31\" alt=\"\" srcset=\"https:\/\/vikovelero.es\/wp-content\/uploads\/2022\/12\/logo-vicoyachts-akcept-3-1024x990.jpg 1024w, https:\/\/vikovelero.es\/wp-content\/uploads\/2022\/12\/logo-vicoyachts-akcept-3-300x290.jpg 300w, https:\/\/vikovelero.es\/wp-content\/uploads\/2022\/12\/logo-vicoyachts-akcept-3-768x743.jpg 768w, https:\/\/vikovelero.es\/wp-content\/uploads\/2022\/12\/logo-vicoyachts-akcept-3-1536x1485.jpg 1536w, https:\/\/vikovelero.es\/wp-content\/uploads\/2022\/12\/logo-vicoyachts-akcept-3-2048x1980.jpg 2048w, https:\/\/vikovelero.es\/wp-content\/uploads\/2022\/12\/logo-vicoyachts-akcept-3-2000x1934.jpg 2000w, https:\/\/vikovelero.es\/wp-content\/uploads\/2022\/12\/logo-vicoyachts-akcept-3-600x580.jpg 600w, https:\/\/vikovelero.es\/wp-content\/uploads\/2022\/12\/logo-vicoyachts-akcept-3-1200x1160.jpg 1200w\" sizes=\"100vw\" \/><\/a><\/figure><\/div>\t\t\t\t<\/div>\n\t\t\t\t<\/div>\n\t\t\t\t<div class=\"elementor-element elementor-element-70f5bcb elementor-widget-divider--view-line elementor-widget elementor-widget-divider\" data-id=\"70f5bcb\" data-element_type=\"widget\" data-e-type=\"widget\" data-widget_type=\"divider.default\">\n\t\t\t\t<div class=\"elementor-widget-container\">\n\t\t\t\t\t\t\t<div class=\"elementor-divider\">\n\t\t\t<span class=\"elementor-divider-separator\">\n\t\t\t\t\t\t<\/span>\n\t\t<\/div>\n\t\t\t\t\t\t<\/div>\n\t\t\t\t<\/div>\n\t\t\t\t\t<\/div>\n\t\t<\/div>\n\t\t\t\t\t<\/div>\n\t\t<\/section>\n\t\t\t\t<section class=\"elementor-section elementor-top-section elementor-element elementor-element-2a619e0f elementor-section-full_width elementor-section-height-default elementor-section-height-default\" data-id=\"2a619e0f\" data-element_type=\"section\" data-e-type=\"section\">\n\t\t\t\t\t\t<div class=\"elementor-container elementor-column-gap-default\">\n\t\t\t\t\t<div class=\"elementor-column elementor-col-50 elementor-top-column elementor-element elementor-element-1acf9944\" data-id=\"1acf9944\" data-element_type=\"column\" data-e-type=\"column\">\n\t\t\t<div class=\"elementor-widget-wrap elementor-element-populated\">\n\t\t\t\t\t\t<div class=\"elementor-element elementor-element-11aced4 elementor-widget elementor-widget-text-editor\" data-id=\"11aced4\" data-element_type=\"widget\" data-e-type=\"widget\" data-widget_type=\"text-editor.default\">\n\t\t\t\t<div class=\"elementor-widget-container\">\n\t\t\t\t\t\t\t\t\t<p><strong>Desde veleros y lanchas a motor, pasando por equipos n\u00e1uticos y de emergencia para la industria marina, construcciones de acero, construcciones compuestas y fuentes de energ\u00eda e\u00f3lica, aplicamos tecnolog\u00edas innovadoras para crear productos de rendimiento \u00f3ptimo.<\/strong><\/p><p><strong>Nuestros 30 a\u00f1os de experiencia como fabricante n\u00e1utico nos dieron un lugar de renombre en el mercado polaco e internacional, como uno de los productores de yates polacos m\u00e1s reconocidos y con un desarrollo din\u00e1mico.<\/strong><br \/><strong>La mejora y el dise\u00f1o vanguardista son la clave de nuestro \u00e9xito. Invertimos constantemente en el stock de m\u00e1quinas y herramientas, introduciendo nuevos modelos cada a\u00f1o y aplicando soluciones de vanguardia. VIKO YACHTS ha fusionado la integraci\u00f3n de nuevas tecnolog\u00edas con la artesan\u00eda que gu\u00eda nuestra construcci\u00f3n de embarcaciones.\u00a0<\/strong><\/p>\t\t\t\t\t\t\t\t<\/div>\n\t\t\t\t<\/div>\n\t\t\t\t<div class=\"elementor-element elementor-element-e371561 elementor-invisible elementor-widget elementor-widget-image\" data-id=\"e371561\" data-element_type=\"widget\" data-e-type=\"widget\" data-settings=\"{&quot;_animation&quot;:&quot;fadeInUp&quot;}\" data-widget_type=\"image.default\">\n\t\t\t\t<div class=\"elementor-widget-container\">\n\t\t\t\t\t\t\t\t\t\t\t\t\t\t\t<img loading=\"lazy\" decoding=\"async\" width=\"640\" height=\"480\" src=\"https:\/\/vikovelero.es\/wp-content\/uploads\/2022\/12\/viko.velero-barco-puerto.png\" class=\"attachment-full size-full wp-image-120\" alt=\"\" srcset=\"https:\/\/vikovelero.es\/wp-content\/uploads\/2022\/12\/viko.velero-barco-puerto.png 640w, https:\/\/vikovelero.es\/wp-content\/uploads\/2022\/12\/viko.velero-barco-puerto-300x225.png 300w, https:\/\/vikovelero.es\/wp-content\/uploads\/2022\/12\/viko.velero-barco-puerto-600x450.png 600w\" sizes=\"100vw\" \/>\t\t\t\t\t\t\t\t\t\t\t\t\t\t\t<\/div>\n\t\t\t\t<\/div>\n\t\t\t\t<div class=\"elementor-element elementor-element-155bb40 elementor-widget-divider--view-line elementor-widget elementor-widget-divider\" data-id=\"155bb40\" data-element_type=\"widget\" data-e-type=\"widget\" data-widget_type=\"divider.default\">\n\t\t\t\t<div class=\"elementor-widget-container\">\n\t\t\t\t\t\t\t<div class=\"elementor-divider\">\n\t\t\t<span class=\"elementor-divider-separator\">\n\t\t\t\t\t\t<\/span>\n\t\t<\/div>\n\t\t\t\t\t\t<\/div>\n\t\t\t\t<\/div>\n\t\t\t\t<div class=\"elementor-element elementor-element-7fa8c7b elementor-widget elementor-widget-text-editor\" data-id=\"7fa8c7b\" data-element_type=\"widget\" data-e-type=\"widget\" data-widget_type=\"text-editor.default\">\n\t\t\t\t<div class=\"elementor-widget-container\">\n\t\t\t\t\t\t\t\t\t<p><strong>A finales de 2013 se lanz\u00f3 la nueva l\u00ednea de yates deportivos VIKO S 22 y VIKO S 30, dise\u00f1ados por el estudio italiano SLYD di Sergio Lupoli. Para 2015, presentamos VIKO S 21, que r\u00e1pidamente gan\u00f3 mucho inter\u00e9s y se convirti\u00f3 en un \u00e9xito de ventas. El Sal\u00f3n N\u00e1utico Internacional de Dusseldorf 2017 fue la noche de apertura de otro yate de la misma l\u00ednea de dise\u00f1o: VIKO S 26. El modelo nuevo VIKO 35 se present\u00f3 en 2018 Y pr\u00f3ximamente se estrenar\u00e1 el VIKO 40, ya que estamos trabajando sin descanso para ampliar nuestra oferta.<\/strong><\/p><p><strong>Buscamos la excelencia, para brindar la mejor experiencia de navegaci\u00f3n a nuestros clientes.<\/strong><\/p>\t\t\t\t\t\t\t\t<\/div>\n\t\t\t\t<\/div>\n\t\t\t\t\t<\/div>\n\t\t<\/div>\n\t\t\t\t<div class=\"elementor-column elementor-col-50 elementor-top-column elementor-element elementor-element-38a9c338\" data-id=\"38a9c338\" data-element_type=\"column\" data-e-type=\"column\">\n\t\t\t<div class=\"elementor-widget-wrap elementor-element-populated\">\n\t\t\t\t\t\t<div class=\"elementor-element elementor-element-318581e4 elementor-invisible elementor-widget elementor-widget-image\" data-id=\"318581e4\" data-element_type=\"widget\" data-e-type=\"widget\" data-settings=\"{&quot;_animation&quot;:&quot;fadeInUp&quot;}\" data-widget_type=\"image.default\">\n\t\t\t\t<div class=\"elementor-widget-container\">\n\t\t\t\t\t\t\t\t\t\t\t\t\t\t\t<img loading=\"lazy\" decoding=\"async\" width=\"640\" height=\"480\" src=\"https:\/\/vikovelero.es\/wp-content\/uploads\/2022\/12\/viko.velero-barco-21-1-5.jpg\" class=\"attachment-full size-full wp-image-162\" alt=\"\" srcset=\"https:\/\/vikovelero.es\/wp-content\/uploads\/2022\/12\/viko.velero-barco-21-1-5.jpg 640w, https:\/\/vikovelero.es\/wp-content\/uploads\/2022\/12\/viko.velero-barco-21-1-5-300x225.jpg 300w, https:\/\/vikovelero.es\/wp-content\/uploads\/2022\/12\/viko.velero-barco-21-1-5-600x450.jpg 600w\" sizes=\"100vw\" \/>\t\t\t\t\t\t\t\t\t\t\t\t\t\t\t<\/div>\n\t\t\t\t<\/div>\n\t\t\t\t<div class=\"elementor-element elementor-element-9a8479d elementor-widget-divider--view-line elementor-widget elementor-widget-divider\" data-id=\"9a8479d\" data-element_type=\"widget\" data-e-type=\"widget\" data-widget_type=\"divider.default\">\n\t\t\t\t<div class=\"elementor-widget-container\">\n\t\t\t\t\t\t\t<div class=\"elementor-divider\">\n\t\t\t<span class=\"elementor-divider-separator\">\n\t\t\t\t\t\t<\/span>\n\t\t<\/div>\n\t\t\t\t\t\t<\/div>\n\t\t\t\t<\/div>\n\t\t\t\t<div class=\"elementor-element elementor-element-fddc851 elementor-widget elementor-widget-text-editor\" data-id=\"fddc851\" data-element_type=\"widget\" data-e-type=\"widget\" data-widget_type=\"text-editor.default\">\n\t\t\t\t<div class=\"elementor-widget-container\">\n\t\t\t\t\t\t\t\t\t<p><strong>Nuestros productos son el resultado de los esfuerzos combinados de dise\u00f1adores italianos y alemanes, as\u00ed como de nuestro propio equipo de dise\u00f1o, respaldado por casi 30 a\u00f1os de experiencia.<\/strong><\/p><p><strong>VIKO YACHTS cuenta con 10.500 m\u00b2 de instalaciones modernas y seguras. Contamos con un equipo humano, de asesores, t\u00e9cnicos y empleados de producci\u00f3n, apasionados y competentes.<\/strong><\/p><p><strong>M\u00e1s de 200 embarcaciones salen de nuestras dos f\u00e1bricas cada a\u00f1o. VIKO YACHTS posee tres puntos de venta principales en Europa, mientras que nuestra red de distribuci\u00f3n internacional se extiende a casi 30 concesionarios, lo que nos permite brindar a nuestros clientes un servicio integral al cliente<\/strong><\/p>\t\t\t\t\t\t\t\t<\/div>\n\t\t\t\t<\/div>\n\t\t\t\t<div class=\"elementor-element elementor-element-b714608 elementor-invisible elementor-widget elementor-widget-image\" data-id=\"b714608\" data-element_type=\"widget\" data-e-type=\"widget\" data-settings=\"{&quot;_animation&quot;:&quot;fadeInUp&quot;}\" data-widget_type=\"image.default\">\n\t\t\t\t<div class=\"elementor-widget-container\">\n\t\t\t\t\t\t\t\t\t\t\t\t\t\t\t<img loading=\"lazy\" decoding=\"async\" width=\"640\" height=\"480\" src=\"https:\/\/vikovelero.es\/wp-content\/uploads\/2022\/12\/viko.velero-barco-21-1-4.jpg\" class=\"attachment-large size-large wp-image-167\" alt=\"\" srcset=\"https:\/\/vikovelero.es\/wp-content\/uploads\/2022\/12\/viko.velero-barco-21-1-4.jpg 640w, https:\/\/vikovelero.es\/wp-content\/uploads\/2022\/12\/viko.velero-barco-21-1-4-300x225.jpg 300w, https:\/\/vikovelero.es\/wp-content\/uploads\/2022\/12\/viko.velero-barco-21-1-4-600x450.jpg 600w\" sizes=\"100vw\" \/>\t\t\t\t\t\t\t\t\t\t\t\t\t\t\t<\/div>\n\t\t\t\t<\/div>\n\t\t\t\t\t<\/div>\n\t\t<\/div>\n\t\t\t\t\t<\/div>\n\t\t<\/section>\n\t\t\t\t<section class=\"elementor-section elementor-top-section elementor-element elementor-element-4a5934d elementor-section-boxed elementor-section-height-default elementor-section-height-default\" data-id=\"4a5934d\" data-element_type=\"section\" data-e-type=\"section\">\n\t\t\t\t\t\t<div class=\"elementor-container elementor-column-gap-default\">\n\t\t\t\t\t<div class=\"elementor-column elementor-col-100 elementor-top-column elementor-element elementor-element-d3ab93d\" data-id=\"d3ab93d\" data-element_type=\"column\" data-e-type=\"column\">\n\t\t\t<div class=\"elementor-widget-wrap\">\n\t\t\t\t\t\t\t<\/div>\n\t\t<\/div>\n\t\t\t\t\t<\/div>\n\t\t<\/section>\n\t\t\t\t<\/div>\n\t\t","protected":false},"excerpt":{"rendered":"<p>Donde la mano de obra tradicional cumple con las soluciones modernas Desde 1987 Sobre Nosotros Somos los importadores oficiales de VIKO YATCHS para la Pen\u00ednsula Ib\u00e9rica. Formamos un equipo humano, apasionado por la n\u00e1utica y dispuestos a ofrecer la mejor oferta a su medida. Nos encontramos en el Puerto Deportivo de Aguadulce, Almer\u00eda. Desde veleros &hellip; <\/p>\n<p class=\"link-more\"><a href=\"https:\/\/vikovelero.es\/index.php\/nuestra-empresa\/\" class=\"more-link\">Read more<span class=\"screen-reader-text\"> &#8220;NUESTRA EMPRESA&#8221;<\/span><\/a><\/p>\n","protected":false},"author":1,"featured_media":0,"parent":0,"menu_order":0,"comment_status":"closed","ping_status":"closed","template":"","meta":{"om_disable_all_campaigns":false,"_monsterinsights_skip_tracking":false,"_monsterinsights_sitenote_active":false,"_monsterinsights_sitenote_note":"","_monsterinsights_sitenote_category":0,"_uf_show_specific_survey":0,"_uf_disable_surveys":false,"inspiro_hide_title":false,"footnotes":""},"class_list":["post-39","page","type-page","status-publish","hentry"],"aioseo_notices":[],"featured_media_urls":[],"_links":{"self":[{"href":"https:\/\/vikovelero.es\/index.php\/wp-json\/wp\/v2\/pages\/39","targetHints":{"allow":["GET"]}}],"collection":[{"href":"https:\/\/vikovelero.es\/index.php\/wp-json\/wp\/v2\/pages"}],"about":[{"href":"https:\/\/vikovelero.es\/index.php\/wp-json\/wp\/v2\/types\/page"}],"author":[{"embeddable":true,"href":"https:\/\/vikovelero.es\/index.php\/wp-json\/wp\/v2\/users\/1"}],"replies":[{"embeddable":true,"href":"https:\/\/vikovelero.es\/index.php\/wp-json\/wp\/v2\/comments?post=39"}],"version-history":[{"count":132,"href":"https:\/\/vikovelero.es\/index.php\/wp-json\/wp\/v2\/pages\/39\/revisions"}],"predecessor-version":[{"id":952,"href":"https:\/\/vikovelero.es\/index.php\/wp-json\/wp\/v2\/pages\/39\/revisions\/952"}],"wp:attachment":[{"href":"https:\/\/vikovelero.es\/index.php\/wp-json\/wp\/v2\/media?parent=39"}],"curies":[{"name":"wp","href":"https:\/\/api.w.org\/{rel}","templated":true}]}}